{"id":90,"date":"2025-06-15T17:28:42","date_gmt":"2025-06-15T17:28:42","guid":{"rendered":"https:\/\/www.videogrill.pl\/?page_id=90"},"modified":"2025-06-15T22:50:51","modified_gmt":"2025-06-15T22:50:51","slug":"video-production-calculator","status":"publish","type":"page","link":"https:\/\/www.videogrill.pl\/index.php\/video-production-calculator\/","title":{"rendered":"Video Production Calculator"},"content":{"rendered":"<div id=\"sp-page\" class=\"spBgcover sp-content-4\" style=\"background-color: rgb(34, 34, 34); background-image: linear-gradient(0deg, rgba(0, 0, 0, 0.9), rgba(0, 0, 0, 0.9)), url('https:\/\/www.videogrill.pl\/wp-content\/uploads\/2025\/06\/White-and-Green-Skincare-Beauty-Spa-Facebook-Cover.gif') !important; font-family: Lato, sans-serif; font-weight: 400;\">\n<section id=\"sp-ftocexcoh4a\" data-mobile-visibility=\"#sp-ftocexcoh4a|false\" data-tablet-visibility=\"#sp-ftocexcoh4a|false\" data-desktop-visibility=\"#sp-ftocexcoh4a|false\" data-mobile-css=\"\" data-tablet-css=\"\" class=\"sp-el-section  spBgcover\" style=\"width: 100%; max-width: 100%; padding: 10px;\">\n<div id=\"sp-e9f6pr\" data-mobile-visibility=\"#sp-e9f6pr|false\" data-tablet-visibility=\"#sp-e9f6pr|false\" data-desktop-visibility=\"#sp-e9f6pr|false\" data-mobile-css=\"\" data-tablet-css=\"\" class=\"sp-el-row sp-w-full  sp-m-auto sm:sp-flex sp-justify-between\">\n<div id=\"sp-y2cp34\" data-mobile-visibility=\"#sp-y2cp34|false\" data-tablet-visibility=\"#sp-y2cp34|false\" data-desktop-visibility=\"#sp-y2cp34|false\" data-mobile-css=\"\" data-tablet-css=\"\" class=\"sp-el-col  sp-w-full\" style=\"width: calc(35% + 0px);\">\n<figure id=\"sp-eyy1p9j0aofc\" data-mobile-css=\"#sp-eyy1p9j0aofc|text-align:center;\" data-tablet-css=\"#sp-eyy1p9j0aofc|text-align:center;\" class=\"sp-image-wrapper sp-el-block\" style=\"margin: 4px 0px 0px; text-align: center;\">\n<div><span><img loading=\"lazy\" decoding=\"async\" src=\"https:\/\/www.videogrill.pl\/wp-content\/uploads\/2025\/06\/cropped-Untitled-design.png\" alt=\"\" width=\"512\" height=\"512\" data-dynamic-tag=\"\" data-image-src=\"wpmedia\" data-mobile-visibility=\".sp-image-block-eyy1p9j0aofc|false\" data-tablet-visibility=\".sp-image-block-eyy1p9j0aofc|false\" data-desktop-visibility=\".sp-image-block-eyy1p9j0aofc|false\" srcset=\" https:\/\/www.videogrill.pl\/wp-content\/uploads\/2025\/06\/cropped-Untitled-design-150x150.png 150w, https:\/\/www.videogrill.pl\/wp-content\/uploads\/2025\/06\/cropped-Untitled-design-300x300.png 300w, https:\/\/www.videogrill.pl\/wp-content\/uploads\/2025\/06\/cropped-Untitled-design.png 512w\" class=\"sp-image-block-eyy1p9j0aofc custom-preview-class\" style=\"width: 100px;\"><\/span><\/div>\n<div id=\"sp-image-dynamic-tags-js-eyy1p9j0aofc\"><script>jQuery(function() { image_dynamic_tags('eyy1p9j0aofc' );});<\/script><\/div>\n<\/figure>\n<\/div>\n<div id=\"sp-zzaz28\" data-mobile-visibility=\"#sp-zzaz28|false\" data-tablet-visibility=\"#sp-zzaz28|false\" data-desktop-visibility=\"#sp-zzaz28|false\" data-mobile-css=\"\" data-tablet-css=\"\" class=\"sp-el-col  sp-w-full\" style=\"width: calc(65% + 0px);\">\n<div id=\"sp-ffhz4cdm6sjd\" data-mobile-css=\"#sp-ffhz4cdm6sjd .nav-menu .menu-item |text-align:center;width:100%\" data-tablet-css=\"#sp-ffhz4cdm6sjd .nav-menu .menu-item |text-align:center\" data-mobile-visibility=\".sp-nav-menu-block-ffhz4cdm6sjd|false\" data-tablet-visibility=\".sp-nav-menu-block-ffhz4cdm6sjd|false\" data-desktop-visibility=\".sp-nav-menu-block-ffhz4cdm6sjd|false\" class=\"sp-nav sp-flex sp-el-block sp-justify-end sp-nav-menu-block-ffhz4cdm6sjd\" style=\"margin: 40px 0px 0px; color: rgb(255, 255, 255);\">\n<style type=\"text\/css\" data-mobile-css=\"#sp-ffhz4cdm6sjd|margin:-19px 0px 0px 0px ;padding:5px 5px 5px 5px ;\" data-tablet-css=\"#sp-ffhz4cdm6sjd|justify-content:center\"><\/style>\n<style type=\"text\/css\" data-mobile-css=\"#sp-ffhz4cdm6sjd ul li a |text-align:center\" data-tablet-css=\"#sp-ffhz4cdm6sjd ul li a |text-align:center\"><\/style>\n<style type=\"text\/css\" data-mobile-css=\"\"><\/style>\n<style type=\"text\/css\" data-mobile-css=\"#sp-ffhz4cdm6sjd .nav-bar |align-items:center\"><\/style>\n<style type=\"text\/css\">\n    #sp-ffhz4cdm6sjd .seedprod-menu-horizontal .nav-menu .menu-item ,#sp-ffhz4cdm6sjd .seedprod-menu-horizontal .nav-menu .seedprod-menu-heading , #sp-ffhz4cdm6sjd .seedprod-menu-separator {padding:0px 13px}<\/p>\n<p>    #sp-ffhz4cdm6sjd .nav-menu ul.sub-menu {box-shadow:0 25px 50px -12px rgba(0, 0, 0, 0.25)}<\/p>\n<p>    #sp-ffhz4cdm6sjd ul li a {}<\/p>\n<p>    #sp-ffhz4cdm6sjd .seedprod-menu-horizontal .nav-menu .separator.menu-item { padding:0px; }<\/p>\n<p>    #sp-ffhz4cdm6sjd .custom-restricted-width .menu-item{padding:13px 0px}<\/p>\n<p>    #sp-ffhz4cdm6sjd .seedprod-menu-list li a {color:#ffffff;text-align:right}\n    #sp-ffhz4cdm6sjd .seedprod-menu-list li{color:#ffffff;text-align:right}<\/p>\n<p>    #sp-ffhz4cdm6sjd .seedprod-menu-list li a:hover {color:#1e88e5 !important;text-align:right}<\/p>\n<p>    #sp-ffhz4cdm6sjd .sub-menu {border-radius:11px;line-height:1px;padding:4px 4px 4px 4px }<\/p>\n<p>    #sp-ffhz4cdm6sjd .sub-menu a {color:#ffffff}<\/p>\n<p>    #sp-ffhz4cdm6sjd ul.seedprod-menu-list ul.sub-menu li a:hover{color:#1e88e5}<\/p>\n<p>    #sp-ffhz4cdm6sjd .bar{background-color:#ffffff;}\n  <\/style>\n<div class=\"sp-nested-nav-wrapper h sp-nav-class\">\n<div class=\"seedprod-menu seedprod-menu-builder seedprod-menu-horizontal sp-mobile-menu-true\">\n<nav class=\"nav-bar\">\n<div class=\"hamburger\"><span class=\"bar\"><\/span><span class=\"bar\"><\/span><span class=\"bar\"><\/span><\/div>\n<div class=\"nav-menu\">\n<div class=\"nav-menu-bar\">\n<ul class=\"seedprod-menu-list\" style=\"list-style-type: none;\">\n<li class=\"menu-item\"><a href=\"https:\/\/videogrill.pl\" target=\"\" rel=\"\" style=\"color: rgb(255, 255, 255);\"><span>Home<\/span><\/a><\/li>\n<li class=\"menu-item\"><a target=\"\" rel=\"\" style=\"color: rgb(255, 255, 255);\" href=\"https:\/\/www.videogrill.pl\/index.php\/video-production-calculator\/\"><span>Calculator<\/span><\/a><\/li>\n<li class=\"menu-item\"><a target=\"\" rel=\"\" style=\"color: rgb(255, 255, 255);\" href=\"https:\/\/www.videogrill.pl\/index.php\/portfolio\/\"><span>Portfolio<\/span><\/a><\/li>\n<\/ul>\n<\/div>\n<\/div>\n<\/nav>\n<\/div>\n<\/div>\n<\/div>\n<\/div>\n<\/div>\n<\/section>\n<section id=\"sp-ddh5ph\" data-mobile-visibility=\"#sp-ddh5ph|false\" data-tablet-visibility=\"#sp-ddh5ph|false\" data-desktop-visibility=\"#sp-ddh5ph|false\" data-mobile-css=\"\" data-tablet-css=\"\" class=\"sp-el-section \" style=\"width: 100%; max-width: 100%;\">\n<div id=\"sp-go0vcs\" data-mobile-visibility=\"#sp-go0vcs|false\" data-tablet-visibility=\"#sp-go0vcs|false\" data-desktop-visibility=\"#sp-go0vcs|false\" data-mobile-css=\"\" data-tablet-css=\"\" class=\"sp-el-row sp-w-full  sp-m-auto sm:sp-flex sp-justify-between\">\n<div id=\"sp-i9vy7a\" data-mobile-visibility=\"#sp-i9vy7a|false\" data-tablet-visibility=\"#sp-i9vy7a|false\" data-desktop-visibility=\"#sp-i9vy7a|false\" data-mobile-css=\"\" data-tablet-css=\"\" class=\"sp-el-col  sp-w-full\" style=\"width: calc(50% + 0px);\">\n<div id=\"sp-vfpazh\" data-mobile-css=\".sp-text-wrapper-vfpazh, #sp-vfpazh, #vfpazh|text-align:left;\" data-tablet-css=\".sp-text-wrapper-vfpazh, #sp-vfpazh, #vfpazh|text-align:left;\" data-mobile-visibility=\".sp-text-wrapper-vfpazh|false\" data-tablet-visibility=\".sp-text-wrapper-vfpazh|false\" data-desktop-visibility=\".sp-text-wrapper-vfpazh|false\" class=\"sp-css-target sp-text-wrapper sp-el-block sp-text-block-style sp-text-wrapper-vfpazh\" style=\"font-size: 19px; color: rgb(255, 255, 255); margin: 0px; text-align: left;\">\n<p>Ten kalkulator to szybki kosztowy zwiad \u2013 pokazuje, ile mo\u017ce p\u00f3j\u015b\u0107 na sprz\u0119t i us\u0142ugi, \u017ceby\u015b mia\u0142 punkt wyj\u015bcia, a nie \u015bwi\u0119te wyroczni\u0119. Ceny i opcje b\u0119d\u0105 si\u0119 zmienia\u0107, gdy bran\u017cowi kozacy dorzuc\u0105 swoje trzy grosze, wi\u0119c traktuj to jako orient. \u015amia\u0142o przer\u00f3b go pod w\u0142asne potrzeby i model dzia\u0142ania. To od\u015bwie\u017cona, ulepszona wersja kalkulatora z cliffandkajun.com.<\/p>\n<\/div>\n<\/div>\n<div id=\"sp-m3trie\" data-mobile-visibility=\"#sp-m3trie|false\" data-tablet-visibility=\"#sp-m3trie|false\" data-desktop-visibility=\"#sp-m3trie|false\" data-mobile-css=\"\" data-tablet-css=\"\" class=\"sp-el-col  sp-w-full\" style=\"width: calc(50% + 0px);\">\n<figure id=\"sp-yy823i\" data-mobile-css=\"#sp-yy823i|text-align:center;\" data-tablet-css=\"#sp-yy823i|text-align:center;\" class=\"sp-image-wrapper sp-el-block\" style=\"margin: 0px; text-align: center;\">\n<div><span><img decoding=\"async\" src=\"https:\/\/www.videogrill.pl\/wp-content\/uploads\/2025\/06\/cropentropycstinysrgbfitmaxfmjpgixidM3w1Mzc1fDB8MXxzZWFyY2h8MXx8bW9uZXklMjBibGFjayUyMGJhY2tncm91bmR8ZW58MHx8fHwxNzUwMDE1NjU2fDAixlibrb-4.1.0q80w1080type.jpg\" alt=\"\" width=\"\" height=\"\" data-dynamic-tag=\"\" data-image-src=\"wpmedia\" data-mobile-visibility=\".sp-image-block-yy823i|false\" data-tablet-visibility=\".sp-image-block-yy823i|false\" data-desktop-visibility=\".sp-image-block-yy823i|false\" srcset=\"https:\/\/www.videogrill.pl\/wp-content\/uploads\/2025\/06\/cropentropycstinysrgbfitmaxfmjpgixidM3w1Mzc1fDB8MXxzZWFyY2h8MXx8bW9uZXklMjBibGFjayUyMGJhY2tncm91bmR8ZW58MHx8fHwxNzUwMDE1NjU2fDAixlibrb-4.1.0q80w1080type-300x300.jpg 300w, https:\/\/www.videogrill.pl\/wp-content\/uploads\/2025\/06\/cropentropycstinysrgbfitmaxfmjpgixidM3w1Mzc1fDB8MXxzZWFyY2h8MXx8bW9uZXklMjBibGFjayUyMGJhY2tncm91bmR8ZW58MHx8fHwxNzUwMDE1NjU2fDAixlibrb-4.1.0q80w1080type-1024x1024.jpg 1024w, https:\/\/www.videogrill.pl\/wp-content\/uploads\/2025\/06\/cropentropycstinysrgbfitmaxfmjpgixidM3w1Mzc1fDB8MXxzZWFyY2h8MXx8bW9uZXklMjBibGFjayUyMGJhY2tncm91bmR8ZW58MHx8fHwxNzUwMDE1NjU2fDAixlibrb-4.1.0q80w1080type-150x150.jpg 150w, https:\/\/www.videogrill.pl\/wp-content\/uploads\/2025\/06\/cropentropycstinysrgbfitmaxfmjpgixidM3w1Mzc1fDB8MXxzZWFyY2h8MXx8bW9uZXklMjBibGFjayUyMGJhY2tncm91bmR8ZW58MHx8fHwxNzUwMDE1NjU2fDAixlibrb-4.1.0q80w1080type-768x768.jpg 768w, https:\/\/www.videogrill.pl\/wp-content\/uploads\/2025\/06\/cropentropycstinysrgbfitmaxfmjpgixidM3w1Mzc1fDB8MXxzZWFyY2h8MXx8bW9uZXklMjBibGFjayUyMGJhY2tncm91bmR8ZW58MHx8fHwxNzUwMDE1NjU2fDAixlibrb-4.1.0q80w1080type.jpg 1080w\" class=\"sp-image-block-yy823i custom-preview-class\" style=\"object-fit: fill; width: 200px; height: 200px;\"><\/span><\/div>\n<div id=\"sp-image-dynamic-tags-js-yy823i\"><script>jQuery(function() { image_dynamic_tags('yy823i' );});<\/script><\/div>\n<\/figure>\n<\/div>\n<\/div>\n<\/section>\n<section id=\"sp-ux5kl3\" data-mobile-visibility=\"#sp-ux5kl3|false\" data-tablet-visibility=\"#sp-ux5kl3|false\" data-desktop-visibility=\"#sp-ux5kl3|false\" data-mobile-css=\"\" data-tablet-css=\"\" class=\"sp-el-section \" style=\"width: 100%; max-width: 100%;\">\n<div id=\"sp-i0uin2\" data-mobile-visibility=\"#sp-i0uin2|false\" data-tablet-visibility=\"#sp-i0uin2|false\" data-desktop-visibility=\"#sp-i0uin2|false\" data-mobile-css=\"\" data-tablet-css=\"\" class=\"sp-el-row sp-w-full  sp-m-auto sm:sp-flex sp-justify-between\" style=\"width: auto; max-width: 1080px;\">\n<div id=\"sp-q9l9l4\" data-mobile-visibility=\"#sp-q9l9l4|false\" data-tablet-visibility=\"#sp-q9l9l4|false\" data-desktop-visibility=\"#sp-q9l9l4|false\" data-mobile-css=\"\" data-tablet-css=\"\" class=\"sp-el-col  sp-w-full\" style=\"width: calc(100% + 0px);\">\n<div id=\"sp-hzjydu\" data-mobile-visibility=\".sp-custom-html-block-hzjydu|false\" data-tablet-visibility=\".sp-custom-html-block-hzjydu|false\" data-desktop-visibility=\".sp-custom-html-block-hzjydu|false\" data-mobile-css=\"\" data-tablet-css=\"\" class=\"sp-code-wrapper sp-el-block sp-custom-html-block-hzjydu\" style=\"margin: 0px;\">\n<div class=\"sp-html sp-html-code\">\n<div class=\"calconic-calculator\" data-calculatorid=\"6435426747d53f001e16e9df\"><\/div>\n<p><script>\n  (function() { var qs,j,q,s,d=document, gi=d.getElementById,\n  ce=d.createElement, gt=d.getElementsByTagName,\n  id=\"calconic_\", b=\"https:\/\/cdn.calconic.com\/static\/js\/\";\n  if(!gi.call(d,id)) { j=ce.call(d,\"script\"); j.id=id; j.type=\"text\/javascript\"; j.async=true;\n  j.dataset.calconic=true;\n  j.src=b+\"calconic.min.js\"; q=gt.call(d,\"script\")[0]; q.parentNode.insertBefore(j,q) }\n})();\n<\/script><\/div>\n<\/div>\n<\/div>\n<\/div>\n<\/section>\n<\/div>\n","protected":false},"excerpt":{"rendered":"<p>Home Calculator Portfolio Ten kalkulator to szybki kosztowy zwiad \u2013 pokazuje, ile mo\u017ce p\u00f3j\u015b\u0107 na sprz\u0119t i us\u0142ugi, \u017ceby\u015b mia\u0142 punkt wyj\u015bcia, a nie \u015bwi\u0119te wyroczni\u0119. Ceny i opcje b\u0119d\u0105 si\u0119 zmienia\u0107, gdy bran\u017cowi kozacy dorzuc\u0105 swoje trzy grosze, wi\u0119c traktuj to jako orient. \u015amia\u0142o przer\u00f3b go pod w\u0142asne potrzeby i model dzia\u0142ania. To od\u015bwie\u017cona, [&hellip;]<\/p>\n","protected":false},"author":1,"featured_media":0,"parent":0,"menu_order":0,"comment_status":"closed","ping_status":"closed","template":"","meta":{"om_disable_all_campaigns":false,"_monsterinsights_skip_tracking":false,"_monsterinsights_sitenote_active":false,"_monsterinsights_sitenote_note":"","_monsterinsights_sitenote_category":0,"_uf_show_specific_survey":0,"_uf_disable_surveys":false,"footnotes":""},"class_list":["post-90","page","type-page","status-publish","hentry"],"aioseo_notices":[],"_links":{"self":[{"href":"https:\/\/www.videogrill.pl\/index.php\/wp-json\/wp\/v2\/pages\/90","targetHints":{"allow":["GET"]}}],"collection":[{"href":"https:\/\/www.videogrill.pl\/index.php\/wp-json\/wp\/v2\/pages"}],"about":[{"href":"https:\/\/www.videogrill.pl\/index.php\/wp-json\/wp\/v2\/types\/page"}],"author":[{"embeddable":true,"href":"https:\/\/www.videogrill.pl\/index.php\/wp-json\/wp\/v2\/users\/1"}],"replies":[{"embeddable":true,"href":"https:\/\/www.videogrill.pl\/index.php\/wp-json\/wp\/v2\/comments?post=90"}],"version-history":[{"count":14,"href":"https:\/\/www.videogrill.pl\/index.php\/wp-json\/wp\/v2\/pages\/90\/revisions"}],"predecessor-version":[{"id":140,"href":"https:\/\/www.videogrill.pl\/index.php\/wp-json\/wp\/v2\/pages\/90\/revisions\/140"}],"wp:attachment":[{"href":"https:\/\/www.videogrill.pl\/index.php\/wp-json\/wp\/v2\/media?parent=90"}],"curies":[{"name":"wp","href":"https:\/\/api.w.org\/{rel}","templated":true}]}}